{"id":8,"date":"2013-05-31T08:44:43","date_gmt":"2013-05-31T06:44:43","guid":{"rendered":"http:\/\/impreza.us-themes.net\/"},"modified":"2018-02-28T20:46:55","modified_gmt":"2018-02-28T19:46:55","slug":"home_en","status":"publish","type":"page","link":"http:\/\/ficf.de\/en\/","title":{"rendered":"Home"},"content":{"rendered":"<section class=\"wpb-content-wrapper\"><p>[vc_row height=&#8220;auto&#8220; width=&#8220;full&#8220; color_scheme=&#8220;primary&#8220;][vc_column][us_image_slider ids=&#8220;6367,6368,6369&#8243; autoplay=&#8220;1&#8243; autoplay_period=&#8220;2&#8243; img_size=&#8220;full&#8220; img_fit=&#8220;contain&#8220;][\/vc_column][\/vc_row][vc_row el_id=&#8220;first&#8220;][vc_column][vc_column_text]<\/p>\n<h2 style=\"text-align: center;\">Women in art have always redefined the traditional values of aesthetic and have moved the old boundaries between art and life.<br \/>\nThey have stood for the discovery of completely new foundations of artistic work.<br \/>\nThe FICF represents an important concern when it aims to enforce the feminin influence in art.<\/h2>\n<p>[\/vc_column_text][us_separator type=&#8220;invisible&#8220; size=&#8220;large&#8220;][\/vc_column][\/vc_row][vc_row height=&#8220;huge&#8220; color_scheme=&#8220;primary&#8220; us_bg_image=&#8220;5790&#8243; us_bg_parallax=&#8220;vertical&#8220; us_bg_overlay_color=&#8220;#f4a641&#8243; el_id=&#8220;second&#8220;][vc_column][vc_column_text]<\/p>\n<h2 style=\"text-align: center;\"><strong>FICF<\/strong> &#8211; F\u00e9d\u00e9ration Internationale Culturelle F\u00e9minine<\/h2>\n<p>[\/vc_column_text][us_separator type=&#8220;invisible&#8220; size=&#8220;large&#8220;][vc_row_inner][vc_column_inner width=&#8220;1\/3&#8243;][us_counter target=&#8220;100&#8243; suffix=&#8220;+&#8220; color=&#8220;secondary&#8220; title=&#8220;female artists&#8220; title_tag=&#8220;h3&#8243;][\/vc_column_inner][vc_column_inner width=&#8220;1\/3&#8243;][us_counter target=&#8220;17&#8243; suffix=&#8220;+&#8220; color=&#8220;secondary&#8220; title=&#8220;countries&#8220; title_tag=&#8220;h3&#8243;][\/vc_column_inner][vc_column_inner width=&#8220;1\/3&#8243;][us_counter target=&#8220;55&#8243; suffix=&#8220;+&#8220; color=&#8220;secondary&#8220; title=&#8220;exhibitions&#8220; title_tag=&#8220;h3&#8243;][\/vc_column_inner][\/vc_row_inner][\/vc_column][\/vc_row][vc_row height=&#8220;auto&#8220; el_id=&#8220;third&#8220;][vc_column][us_separator type=&#8220;invisible&#8220; size=&#8220;huge&#8220;][us_separator type=&#8220;invisible&#8220; size=&#8220;large&#8220;][vc_column_text]<\/p>\n<h2 style=\"text-align: center;\"><strong>FICF news<\/strong><\/h2>\n<p>[\/vc_column_text][us_blog columns=&#8220;3&#8243; items=&#8220;3&#8243; categories=&#8220;&#8220; show_date=&#8220;1&#8243; show_author=&#8220;&#8220; show_categories=&#8220;1&#8243; show_tags=&#8220;&#8220; show_comments=&#8220;&#8220; show_read_more=&#8220;&#8220;][us_separator type=&#8220;invisible&#8220; size=&#8220;large&#8220;][\/vc_column][\/vc_row]<\/p>\n<\/section>","protected":false},"excerpt":{"rendered":"<p>[vc_row height=&#8220;auto&#8220; width=&#8220;full&#8220; color_scheme=&#8220;primary&#8220;][vc_column][us_image_slider ids=&#8220;6367,6368,6369&#8243; autoplay=&#8220;1&#8243; autoplay_period=&#8220;2&#8243; img_size=&#8220;full&#8220; img_fit=&#8220;contain&#8220;][\/vc_column][\/vc_row][vc_row el_id=&#8220;first&#8220;][vc_column][vc_column_text] Women in art have always redefined the traditional values of aesthetic and have moved the old boundaries between art and life. They have stood for the discovery of completely new foundations of artistic work. The FICF represents an important concern when it aims to enforce &hellip; <\/p>\n<p class=\"link-more\"><a href=\"http:\/\/ficf.de\/en\/\" class=\"more-link\"><span class=\"screen-reader-text\">\u201eHome\u201c<\/span> weiterlesen<\/a><\/p>\n","protected":false},"author":1,"featured_media":0,"parent":0,"menu_order":10,"comment_status":"closed","ping_status":"closed","template":"","meta":[],"_links":{"self":[{"href":"http:\/\/ficf.de\/en\/wp-json\/wp\/v2\/pages\/8"}],"collection":[{"href":"http:\/\/ficf.de\/en\/wp-json\/wp\/v2\/pages"}],"about":[{"href":"http:\/\/ficf.de\/en\/wp-json\/wp\/v2\/types\/page"}],"author":[{"embeddable":true,"href":"http:\/\/ficf.de\/en\/wp-json\/wp\/v2\/users\/1"}],"replies":[{"embeddable":true,"href":"http:\/\/ficf.de\/en\/wp-json\/wp\/v2\/comments?post=8"}],"version-history":[{"count":43,"href":"http:\/\/ficf.de\/en\/wp-json\/wp\/v2\/pages\/8\/revisions"}],"predecessor-version":[{"id":6664,"href":"http:\/\/ficf.de\/en\/wp-json\/wp\/v2\/pages\/8\/revisions\/6664"}],"wp:attachment":[{"href":"http:\/\/ficf.de\/en\/wp-json\/wp\/v2\/media?parent=8"}],"curies":[{"name":"wp","href":"https:\/\/api.w.org\/{rel}","templated":true}]}}