{"id":5994,"date":"2017-08-13T13:44:38","date_gmt":"2017-08-13T11:44:38","guid":{"rendered":"http:\/\/ficf.de\/en\/?page_id=5994"},"modified":"2018-03-03T19:33:07","modified_gmt":"2018-03-03T18:33:07","slug":"kuenstlerinnen","status":"publish","type":"page","link":"http:\/\/ficf.de\/en\/kuenstlerinnen\/","title":{"rendered":"Female Artists"},"content":{"rendered":"<section class=\"wpb-content-wrapper\"><p>[vc_row height=&#8220;auto&#8220; width=&#8220;full&#8220; el_id=&#8220;Soli_Inhalt&#8220;][vc_column][us_image_slider ids=&#8220;6605,6469,6463&#8243; autoplay=&#8220;1&#8243; autoplay_period=&#8220;2&#8243; img_size=&#8220;full&#8220;][\/vc_column][\/vc_row][vc_row][vc_column][vc_empty_space height=&#8220;16px&#8220;][us_iconbox icon=&#8220;fa-chevron-down&#8220; style=&#8220;outlined&#8220; size=&#8220;60px&#8220; link=&#8220;url:%23portfolio|||&#8220;][\/us_iconbox][\/vc_column][\/vc_row][vc_row el_id=&#8220;portfolio&#8220;][vc_column][vc_custom_heading text=&#8220;The female Artists of the F\u00e9d\u00e9ration Internationale Culturelle F\u00e9minine<br \/>\nDeutsche Sektion&#8220; font_container=&#8220;tag:h2|text_align:center&#8220; use_theme_fonts=&#8220;yes&#8220;][vc_column_text]<\/p>\n<h4 style=\"text-align: center;\">Click an image to learn more<\/h4>\n<p>[\/vc_column_text][\/vc_column][\/vc_row][vc_row][vc_column][us_portfolio orderby=&#8220;alpha&#8220; categories=&#8220;malerei&#8220; with_indents=&#8220;1&#8243;][\/vc_column][\/vc_row]<\/p>\n<\/section>","protected":false},"excerpt":{"rendered":"<p>[vc_row height=&#8220;auto&#8220; width=&#8220;full&#8220; el_id=&#8220;Soli_Inhalt&#8220;][vc_column][us_image_slider ids=&#8220;6605,6469,6463&#8243; autoplay=&#8220;1&#8243; autoplay_period=&#8220;2&#8243; img_size=&#8220;full&#8220;][\/vc_column][\/vc_row][vc_row][vc_column][vc_empty_space height=&#8220;16px&#8220;][us_iconbox icon=&#8220;fa-chevron-down&#8220; style=&#8220;outlined&#8220; size=&#8220;60px&#8220; link=&#8220;url:%23portfolio|||&#8220;][\/us_iconbox][\/vc_column][\/vc_row][vc_row el_id=&#8220;portfolio&#8220;][vc_column][vc_custom_heading text=&#8220;The female Artists of the F\u00e9d\u00e9ration Internationale Culturelle F\u00e9minine Deutsche Sektion&#8220; font_container=&#8220;tag:h2|text_align:center&#8220; use_theme_fonts=&#8220;yes&#8220;][vc_column_text] Click an image to learn more [\/vc_column_text][\/vc_column][\/vc_row][vc_row][vc_column][us_portfolio orderby=&#8220;alpha&#8220; categories=&#8220;malerei&#8220; with_indents=&#8220;1&#8243;][\/vc_column][\/vc_row]<\/p>\n","protected":false},"author":1,"featured_media":0,"parent":0,"menu_order":30,"comment_status":"closed","ping_status":"closed","template":"","meta":[],"_links":{"self":[{"href":"http:\/\/ficf.de\/en\/wp-json\/wp\/v2\/pages\/5994"}],"collection":[{"href":"http:\/\/ficf.de\/en\/wp-json\/wp\/v2\/pages"}],"about":[{"href":"http:\/\/ficf.de\/en\/wp-json\/wp\/v2\/types\/page"}],"author":[{"embeddable":true,"href":"http:\/\/ficf.de\/en\/wp-json\/wp\/v2\/users\/1"}],"replies":[{"embeddable":true,"href":"http:\/\/ficf.de\/en\/wp-json\/wp\/v2\/comments?post=5994"}],"version-history":[{"count":42,"href":"http:\/\/ficf.de\/en\/wp-json\/wp\/v2\/pages\/5994\/revisions"}],"predecessor-version":[{"id":6696,"href":"http:\/\/ficf.de\/en\/wp-json\/wp\/v2\/pages\/5994\/revisions\/6696"}],"wp:attachment":[{"href":"http:\/\/ficf.de\/en\/wp-json\/wp\/v2\/media?parent=5994"}],"curies":[{"name":"wp","href":"https:\/\/api.w.org\/{rel}","templated":true}]}}