{"id":5992,"date":"2017-08-13T13:42:17","date_gmt":"2017-08-13T11:42:17","guid":{"rendered":"http:\/\/ficf.de\/en\/?page_id=5992"},"modified":"2017-10-09T14:53:55","modified_gmt":"2017-10-09T12:53:55","slug":"ausstellungen","status":"publish","type":"page","link":"http:\/\/ficf.de\/en\/ausstellungen\/","title":{"rendered":"Ausstellungen"},"content":{"rendered":"<section class=\"wpb-content-wrapper\"><p>[vc_row width=&#8220;full&#8220;][vc_column][us_single_image image=&#8220;6463&#8243; size=&#8220;full&#8220; align=&#8220;center&#8220;][us_separator type=&#8220;invisible&#8220; size=&#8220;small&#8220;][\/vc_column][\/vc_row][vc_row height=&#8220;huge&#8220; color_scheme=&#8220;primary&#8220; us_bg_image=&#8220;5790&#8243; us_bg_parallax=&#8220;vertical&#8220; us_bg_overlay_color=&#8220;#f4a641&#8243; el_id=&#8220;second&#8220;][vc_column][vc_column_text]<\/p>\n<h2 style=\"text-align: center;\"><strong>Ausstellungen der <\/strong><strong>F\u00e9d\u00e9ration Internationale Culturelle F\u00e9minine<\/strong><\/h2>\n<p>[\/vc_column_text][vc_row_inner][vc_column_inner width=&#8220;1\/3&#8243;][us_counter target=&#8220;100&#8243; suffix=&#8220;+&#8220; color=&#8220;secondary&#8220; title=&#8220;K\u00fcnstlerinnen&#8220; title_tag=&#8220;h3&#8243;][\/vc_column_inner][vc_column_inner width=&#8220;1\/3&#8243;][us_counter target=&#8220;17&#8243; suffix=&#8220;+&#8220; color=&#8220;secondary&#8220; title=&#8220;L\u00e4nder&#8220; title_tag=&#8220;h3&#8243;][\/vc_column_inner][vc_column_inner width=&#8220;1\/3&#8243;][us_counter target=&#8220;55&#8243; suffix=&#8220;+&#8220; color=&#8220;secondary&#8220; title=&#8220;Ausstellungen&#8220; title_tag=&#8220;h3&#8243;][\/vc_column_inner][\/vc_row_inner][\/vc_column][\/vc_row][vc_row][vc_column][vc_column_text]<\/p>\n<h3>Ausstellungen (Auswahl)<\/h3>\n<p>2015 \u2013 Rapallo Antico Castello sul Mare<br \/>\n2014 \u2013 Speyer Feuerbachhaus<br \/>\n2013 \u2013 Mailand Acquario Civico di Milano<br \/>\n2012 \u2013 Paris Mairie du 6e\u0300me arrdt.<br \/>\n2012 \u2013 Kulmbach Gro\u00dfe Hofstube Plassenburg<br \/>\n2008 \u2013 Treuchtlingen Kulturzentrum Forsthaus<br \/>\n2008 \u2013 Ibb.-Do\u0308renthe Kulturspeicher<br \/>\n2008 \u2013 Ibbenb\u00fcren Alte Honigfabrik<br \/>\n2008 \u2013 Mettingen Kunstspeicher<br \/>\n2007 \u2013 Istanbul Lyce\u0301e Saint-Joseph<br \/>\n2006 \u2013 Paris Mairie du 16e\u0300me arrdt.<br \/>\n2005 \u2013 Aumale (F) La Halle au Beurre<br \/>\n2004 \u2013 Teheran Fondat. des Cre\u0301ations Artistiques de Niavaran<br \/>\n2002 \u2013 Paris Mairie du 4e\u0300me arrdt.<br \/>\n2001 \u2013 Athen Palais Zappion<br \/>\n2000 \u2013 Ile de Bre\u0301hat (F) La Citadelle<br \/>\n1999 \u2013 Bonn Konrad Adenauer Stiftung<br \/>\n1999 \u2013 Sarlat (F) Ho\u0302tel de Ge\u0301rard<br \/>\n1998 \u2013 Paris Mairie du 4e\u0300me arrdt.<br \/>\n1997 \u2013 Forges les Eaux (F) Gale\u0301rie des Sources<br \/>\n1995 \u2013 Paris Mairie du 4e\u0300me arrdt. (Gro\u00dfe Formate)<br \/>\n1994 \u2013 Saragossa Galeria de Arte Goya<br \/>\n1993 \u2013 Paris Mairie du 4e\u0300me arrdt. (Kleine Formate)<br \/>\n1993 \u2013 Athen Kulturzentrum der Stadt Athen<br \/>\n1992 \u2013 Paris Mairie du 4e\u0300me arrdt. (Kleine Formate)<br \/>\n1991 \u2013 Paris Mairie du 4e\u0300me arrdt. (Kleine Formate)<br \/>\n1990 \u2013 Paris Mairie du 4e\u0300me arrdt. (Kleine Formate)<br \/>\n1990 \u2013 Nu\u0308rnberg Ehrenhalle des Wolff \u0301schen Rathauses<br \/>\n1989 \u2013 Paris Mairie du 4e\u0301me arrdt.<br \/>\n1988 \u2013 Athen Centre des Arts<br \/>\n1987 \u2013 Venedig Chiesa San Stae (sul Canale Grande)<br \/>\n1986 \u2013 Paris Mairie du 15e\u0301me Arrondissement<br \/>\n1985 \u2013 Venedig Scuola Grande S.Giovanni Evangelista<br \/>\n1983 \u2013 Bitburg Fondation Haus Beda<br \/>\n1981 \u2013 Amiens Muse\u0301e de Picardie<br \/>\n1980 \u2013 Ancona Pallazzo dell \u0301Aula Magna dell \u0301Universita\u0300<br \/>\n1978 \u2013 Wien Palais Palffy<br \/>\n1976 \u2013 Paris Hotel Sully<br \/>\n1975 \u2013 Meersburg Schlo\u00df Meersburg<br \/>\n1974 \u2013 Madrid Saal der Direction des Beaux-Arts<br \/>\n1973 \u2013 Athen Palais Zappion<br \/>\n1972 \u2013 Rom Grande Palazzo delle Esposizioni<br \/>\n1971 \u2013 Paris Muse\u0301e des Gobelins<br \/>\n1970 \u2013 Ko\u0308ln Ausstellung im Rathaus<br \/>\n1969 \u2013 Paris Muse\u0301e d\u00b4Art Moderne de la Ville de Paris<br \/>\n1968 \u2013 Istanbul Palais Basiktas<br \/>\n1967 \u2013 Athen Palais Zappion<br \/>\n1966 \u2013 Paris Muse\u0301e d`Art Moderne de la Ville de Paris[\/vc_column_text][\/vc_column][\/vc_row]<\/p>\n<\/section>","protected":false},"excerpt":{"rendered":"<p>[vc_row width=&#8220;full&#8220;][vc_column][us_single_image image=&#8220;6463&#8243; size=&#8220;full&#8220; align=&#8220;center&#8220;][us_separator type=&#8220;invisible&#8220; size=&#8220;small&#8220;][\/vc_column][\/vc_row][vc_row height=&#8220;huge&#8220; color_scheme=&#8220;primary&#8220; us_bg_image=&#8220;5790&#8243; us_bg_parallax=&#8220;vertical&#8220; us_bg_overlay_color=&#8220;#f4a641&#8243; el_id=&#8220;second&#8220;][vc_column][vc_column_text] Ausstellungen der F\u00e9d\u00e9ration Internationale Culturelle F\u00e9minine [\/vc_column_text][vc_row_inner][vc_column_inner width=&#8220;1\/3&#8243;][us_counter target=&#8220;100&#8243; suffix=&#8220;+&#8220; color=&#8220;secondary&#8220; title=&#8220;K\u00fcnstlerinnen&#8220; title_tag=&#8220;h3&#8243;][\/vc_column_inner][vc_column_inner width=&#8220;1\/3&#8243;][us_counter target=&#8220;17&#8243; suffix=&#8220;+&#8220; color=&#8220;secondary&#8220; title=&#8220;L\u00e4nder&#8220; title_tag=&#8220;h3&#8243;][\/vc_column_inner][vc_column_inner width=&#8220;1\/3&#8243;][us_counter target=&#8220;55&#8243; suffix=&#8220;+&#8220; color=&#8220;secondary&#8220; title=&#8220;Ausstellungen&#8220; title_tag=&#8220;h3&#8243;][\/vc_column_inner][\/vc_row_inner][\/vc_column][\/vc_row][vc_row][vc_column][vc_column_text] Ausstellungen (Auswahl) 2015 \u2013 Rapallo Antico Castello sul Mare 2014 \u2013 Speyer Feuerbachhaus 2013 \u2013 Mailand Acquario &hellip; <\/p>\n<p class=\"link-more\"><a href=\"http:\/\/ficf.de\/en\/ausstellungen\/\" class=\"more-link\"><span class=\"screen-reader-text\">\u201eAusstellungen\u201c<\/span> weiterlesen<\/a><\/p>\n","protected":false},"author":1,"featured_media":0,"parent":0,"menu_order":20,"comment_status":"closed","ping_status":"closed","template":"","meta":[],"_links":{"self":[{"href":"http:\/\/ficf.de\/en\/wp-json\/wp\/v2\/pages\/5992"}],"collection":[{"href":"http:\/\/ficf.de\/en\/wp-json\/wp\/v2\/pages"}],"about":[{"href":"http:\/\/ficf.de\/en\/wp-json\/wp\/v2\/types\/page"}],"author":[{"embeddable":true,"href":"http:\/\/ficf.de\/en\/wp-json\/wp\/v2\/users\/1"}],"replies":[{"embeddable":true,"href":"http:\/\/ficf.de\/en\/wp-json\/wp\/v2\/comments?post=5992"}],"version-history":[{"count":16,"href":"http:\/\/ficf.de\/en\/wp-json\/wp\/v2\/pages\/5992\/revisions"}],"predecessor-version":[{"id":6626,"href":"http:\/\/ficf.de\/en\/wp-json\/wp\/v2\/pages\/5992\/revisions\/6626"}],"wp:attachment":[{"href":"http:\/\/ficf.de\/en\/wp-json\/wp\/v2\/media?parent=5992"}],"curies":[{"name":"wp","href":"https:\/\/api.w.org\/{rel}","templated":true}]}}